   {"id":377,"date":"2012-12-01T22:17:33","date_gmt":"2012-12-01T21:17:33","guid":{"rendered":"http:\/\/compagniebzk.com\/fr\/?page_id=377"},"modified":"2017-09-25T09:44:13","modified_gmt":"2017-09-25T08:44:13","slug":"in-the-house","status":"publish","type":"page","link":"https:\/\/compagniebzk.com\/?page_id=377","title":{"rendered":"Abysses"},"content":{"rendered":"<div class=\"dividedContent clearfix\">\n<div class=\"halfLeft\">\n<h2 style=\"text-align: left;\">Une constellation marine<\/h2>\n<p style=\"text-align: left;\">Au rythme de tambours g\u00e9ants japonais et de m\u00e9lodies \u00e9lectro-aquatiques, un impressionnant cort\u00e8ge lumineux s\u2019avance dans la nuit\u00a0: char hippocampe, \u00e9chassiers diables de mer, danseuses coquillages, poissons g\u00e9ants et m\u00e9duses volantes&#8230; Une peinture a\u00e9rienne o\u00f9 le ciel et la mer se renversent.<\/p>\n<p><em>Spectacle d\u00e9pos\u00e9 \u00e0 la S.A.C.D<br \/>\n<\/em><em>\u00a9 Coproduction Bzk\/Remue-m\u00e9nage<\/em><\/p>\n<p>&nbsp;<\/p>\n<\/div>\n<div class=\"imgRight\"><a href=\"http:\/\/compagniebzk.com\/wp-content\/uploads\/2017\/05\/Cieremuemenage-ABysses26.jpg\"><img decoding=\"async\" loading=\"lazy\" class=\"alignright wp-image-788 size-medium\" title=\"house-1\" src=\"http:\/\/compagniebzk.com\/wp-content\/uploads\/2017\/05\/Cieremuemenage-ABysses26-300x200.jpg\" alt=\"\" width=\"300\" height=\"200\" \/><\/a><\/div>\n<\/div>\n","protected":false},"excerpt":{"rendered":"<p>Une constellation marine Au rythme de tambours g\u00e9ants japonais et de m\u00e9lodies \u00e9lectro-aquatiques, un impressionnant cort\u00e8ge lumineux s\u2019avance dans la nuit\u00a0: char hippocampe, \u00e9chassiers diables de mer, danseuses coquillages, poissons g\u00e9ants et m\u00e9duses volantes&#8230; Une peinture a\u00e9rienne o\u00f9 le ciel et la mer se renversent. Spectacle d\u00e9pos\u00e9 \u00e0 la S.A.C.D \u00a9 Coproduction Bzk\/Remue-m\u00e9nage &nbsp;<\/p>\n","protected":false},"author":1,"featured_media":756,"parent":18,"menu_order":3,"comment_status":"open","ping_status":"open","template":"t_spectacle.php","meta":{"ngg_post_thumbnail":0},"_links":{"self":[{"href":"https:\/\/compagniebzk.com\/index.php?rest_route=\/wp\/v2\/pages\/377"}],"collection":[{"href":"https:\/\/compagniebzk.com\/index.php?rest_route=\/wp\/v2\/pages"}],"about":[{"href":"https:\/\/compagniebzk.com\/index.php?rest_route=\/wp\/v2\/types\/page"}],"author":[{"embeddable":true,"href":"https:\/\/compagniebzk.com\/index.php?rest_route=\/wp\/v2\/users\/1"}],"replies":[{"embeddable":true,"href":"https:\/\/compagniebzk.com\/index.php?rest_route=%2Fwp%2Fv2%2Fcomments&post=377"}],"version-history":[{"count":30,"href":"https:\/\/compagniebzk.com\/index.php?rest_route=\/wp\/v2\/pages\/377\/revisions"}],"predecessor-version":[{"id":869,"href":"https:\/\/compagniebzk.com\/index.php?rest_route=\/wp\/v2\/pages\/377\/revisions\/869"}],"up":[{"embeddable":true,"href":"https:\/\/compagniebzk.com\/index.php?rest_route=\/wp\/v2\/pages\/18"}],"wp:featuredmedia":[{"embeddable":true,"href":"https:\/\/compagniebzk.com\/index.php?rest_route=\/wp\/v2\/media\/756"}],"wp:attachment":[{"href":"https:\/\/compagniebzk.com\/index.php?rest_route=%2Fwp%2Fv2%2Fmedia&parent=377"}],"curies":[{"name":"wp","href":"https:\/\/api.w.org\/{rel}","templated":true}]}}