   {"id":358,"date":"2012-12-01T21:47:33","date_gmt":"2012-12-01T20:47:33","guid":{"rendered":"http:\/\/compagniebzk.com\/fr\/?page_id=358"},"modified":"2017-09-25T09:39:31","modified_gmt":"2017-09-25T08:39:31","slug":"description","status":"publish","type":"page","link":"https:\/\/compagniebzk.com\/?page_id=358","title":{"rendered":"Description"},"content":{"rendered":"<p><img decoding=\"async\" loading=\"lazy\" style=\"float: right;\" title=\"nomades-3\" src=\"\/wp-content\/uploads\/2012\/12\/nomades-31.jpg\" alt=\"\" width=\"190\" height=\"217\" \/><\/p>\n<ul>\n<li>Spectacle d\u00e9ambulatoire sonoris\u00e9 lumineux<\/li>\n<li>Dur\u00e9e modulable 1h30 maximum modulable en 2 ou 3 sets<\/li>\n<li>R\u00e9pertoire original (\u00e9lectro tribal)<\/li>\n<\/ul>\n<p><strong>Formule d\u00e9clinable :<\/strong><\/p>\n<ul>\n<li>6 musiciens\u00a0percussionnistes et 1 Dj<\/li>\n<li>1 com\u00e9dien sur une machine articul\u00e9e<\/li>\n<li>Possibilit\u00e9 d&rsquo;ajouter 4 oiseaux \u00e9chassiers marionnettistes (costumes articul\u00e9s, gonfl\u00e9s et lumineux hauteur 3m50) et\/ou 2 danseuses pyrotechniques<\/li>\n<\/ul>\n<p><em>Spectacle d\u00e9pos\u00e9 \u00e0 la S.A.C.D<\/em><\/p>\n","protected":false},"excerpt":{"rendered":"<p>Spectacle d\u00e9ambulatoire sonoris\u00e9 lumineux Dur\u00e9e modulable 1h30 maximum modulable en 2 ou 3 sets R\u00e9pertoire original (\u00e9lectro tribal) Formule d\u00e9clinable : 6 musiciens\u00a0percussionnistes et 1 Dj 1 com\u00e9dien sur une machine articul\u00e9e Possibilit\u00e9 d&rsquo;ajouter 4 oiseaux \u00e9chassiers marionnettistes (costumes articul\u00e9s, gonfl\u00e9s et lumineux hauteur 3m50) et\/ou 2 danseuses pyrotechniques Spectacle d\u00e9pos\u00e9 \u00e0 la S.A.C.D<\/p>\n","protected":false},"author":1,"featured_media":0,"parent":25,"menu_order":0,"comment_status":"open","ping_status":"open","template":"t_spectacle-contenu.php","meta":{"ngg_post_thumbnail":0},"_links":{"self":[{"href":"https:\/\/compagniebzk.com\/index.php?rest_route=\/wp\/v2\/pages\/358"}],"collection":[{"href":"https:\/\/compagniebzk.com\/index.php?rest_route=\/wp\/v2\/pages"}],"about":[{"href":"https:\/\/compagniebzk.com\/index.php?rest_route=\/wp\/v2\/types\/page"}],"author":[{"embeddable":true,"href":"https:\/\/compagniebzk.com\/index.php?rest_route=\/wp\/v2\/users\/1"}],"replies":[{"embeddable":true,"href":"https:\/\/compagniebzk.com\/index.php?rest_route=%2Fwp%2Fv2%2Fcomments&post=358"}],"version-history":[{"count":17,"href":"https:\/\/compagniebzk.com\/index.php?rest_route=\/wp\/v2\/pages\/358\/revisions"}],"predecessor-version":[{"id":865,"href":"https:\/\/compagniebzk.com\/index.php?rest_route=\/wp\/v2\/pages\/358\/revisions\/865"}],"up":[{"embeddable":true,"href":"https:\/\/compagniebzk.com\/index.php?rest_route=\/wp\/v2\/pages\/25"}],"wp:attachment":[{"href":"https:\/\/compagniebzk.com\/index.php?rest_route=%2Fwp%2Fv2%2Fmedia&parent=358"}],"curies":[{"name":"wp","href":"https:\/\/api.w.org\/{rel}","templated":true}]}}