   {"id":25,"date":"2012-10-27T12:43:30","date_gmt":"2012-10-27T11:43:30","guid":{"rendered":"http:\/\/127.0.0.1\/compagnieBZK\/?page_id=25"},"modified":"2017-10-12T12:38:24","modified_gmt":"2017-10-12T11:38:24","slug":"parade-nomade","status":"publish","type":"page","link":"https:\/\/compagniebzk.com\/?page_id=25","title":{"rendered":"Parade Nomade"},"content":{"rendered":"<div class=\"dividedContent clearfix\">\n<div class=\"halfLeft\">\n<h2>Un voyage voyage trans-ethnique&#8230;<\/h2>\n<p>Les tambours r\u00e9sonnent\u00a0sur des m\u00e9lodies \u00e9lectro tribales&#8230; Une ing\u00e9nieuse machine volante se met en marche, guidant les bergers musiciens et leurs flamants roses\u00a0fantastiques&#8230; Partagez\u00a0leurs myst\u00e9rieux rituels, dans une fabuleuse parade lumineuse.<\/p>\n<p><em>\u00a9 Coproduction Bzk\/Remue-m\u00e9nage<\/em><\/p>\n<\/div>\n<div class=\"imgRight\"><img decoding=\"async\" loading=\"lazy\" class=\"alignnone size-full wp-image-354\" title=\"nomades-1\" src=\"\/wp-content\/uploads\/2012\/10\/nomades-1.jpg\" alt=\"\" width=\"270\" height=\"217\" \/><\/div>\n<\/div>\n","protected":false},"excerpt":{"rendered":"<p>Un voyage voyage trans-ethnique&#8230; Les tambours r\u00e9sonnent\u00a0sur des m\u00e9lodies \u00e9lectro tribales&#8230; Une ing\u00e9nieuse machine volante se met en marche, guidant les bergers musiciens et leurs flamants roses\u00a0fantastiques&#8230; Partagez\u00a0leurs myst\u00e9rieux rituels, dans une fabuleuse parade lumineuse. \u00a9 Coproduction Bzk\/Remue-m\u00e9nage<\/p>\n","protected":false},"author":1,"featured_media":355,"parent":18,"menu_order":2,"comment_status":"open","ping_status":"open","template":"t_spectacle.php","meta":{"ngg_post_thumbnail":0},"_links":{"self":[{"href":"https:\/\/compagniebzk.com\/index.php?rest_route=\/wp\/v2\/pages\/25"}],"collection":[{"href":"https:\/\/compagniebzk.com\/index.php?rest_route=\/wp\/v2\/pages"}],"about":[{"href":"https:\/\/compagniebzk.com\/index.php?rest_route=\/wp\/v2\/types\/page"}],"author":[{"embeddable":true,"href":"https:\/\/compagniebzk.com\/index.php?rest_route=\/wp\/v2\/users\/1"}],"replies":[{"embeddable":true,"href":"https:\/\/compagniebzk.com\/index.php?rest_route=%2Fwp%2Fv2%2Fcomments&post=25"}],"version-history":[{"count":10,"href":"https:\/\/compagniebzk.com\/index.php?rest_route=\/wp\/v2\/pages\/25\/revisions"}],"predecessor-version":[{"id":864,"href":"https:\/\/compagniebzk.com\/index.php?rest_route=\/wp\/v2\/pages\/25\/revisions\/864"}],"up":[{"embeddable":true,"href":"https:\/\/compagniebzk.com\/index.php?rest_route=\/wp\/v2\/pages\/18"}],"wp:featuredmedia":[{"embeddable":true,"href":"https:\/\/compagniebzk.com\/index.php?rest_route=\/wp\/v2\/media\/355"}],"wp:attachment":[{"href":"https:\/\/compagniebzk.com\/index.php?rest_route=%2Fwp%2Fv2%2Fmedia&parent=25"}],"curies":[{"name":"wp","href":"https:\/\/api.w.org\/{rel}","templated":true}]}}