   {"id":23,"date":"2012-10-27T12:41:57","date_gmt":"2012-10-27T11:41:57","guid":{"rendered":"http:\/\/127.0.0.1\/compagnieBZK\/?page_id=23"},"modified":"2017-09-25T09:34:55","modified_gmt":"2017-09-25T08:34:55","slug":"les-intermutants","status":"publish","type":"page","link":"https:\/\/compagniebzk.com\/?page_id=23","title":{"rendered":"Les InterMutants"},"content":{"rendered":"<div class=\"dividedContent clearfix\">\n<div class=\"halfLeft\">\n<h2>Invasion imminente&#8230;<\/h2>\n<p>Les InterMutants d\u00e9barquent sur la plan\u00e8te Terre, arm\u00e9s de leurs tambours lumineux. Leur mission : faire danser les humains jusqu\u2019\u00e0 \u00e9puisement\u00a0!<\/p>\n<p>Ces voyageurs inter-galactiques s\u2019inspirent des rythmes de l\u2019univers, pulv\u00e9risent les conventions, et vous transportent dans un p\u00e9riple d\u00e9lirant.<\/p>\n<\/div>\n<div class=\"imgRight\">\n<p><img decoding=\"async\" loading=\"lazy\" class=\"alignnone size-full wp-image-340\" title=\"intermutants2\" src=\"\/wp-content\/uploads\/2012\/10\/intermutants1.jpg\" alt=\"\" width=\"270\" height=\"183\" \/><\/p>\n<\/div>\n<\/div>\n","protected":false},"excerpt":{"rendered":"<p>Invasion imminente&#8230; Les InterMutants d\u00e9barquent sur la plan\u00e8te Terre, arm\u00e9s de leurs tambours lumineux. Leur mission : faire danser les humains jusqu\u2019\u00e0 \u00e9puisement\u00a0! Ces voyageurs inter-galactiques s\u2019inspirent des rythmes de l\u2019univers, pulv\u00e9risent les conventions, et vous transportent dans un p\u00e9riple d\u00e9lirant.<\/p>\n","protected":false},"author":1,"featured_media":403,"parent":18,"menu_order":1,"comment_status":"open","ping_status":"open","template":"t_spectacle.php","meta":{"ngg_post_thumbnail":0},"_links":{"self":[{"href":"https:\/\/compagniebzk.com\/index.php?rest_route=\/wp\/v2\/pages\/23"}],"collection":[{"href":"https:\/\/compagniebzk.com\/index.php?rest_route=\/wp\/v2\/pages"}],"about":[{"href":"https:\/\/compagniebzk.com\/index.php?rest_route=\/wp\/v2\/types\/page"}],"author":[{"embeddable":true,"href":"https:\/\/compagniebzk.com\/index.php?rest_route=\/wp\/v2\/users\/1"}],"replies":[{"embeddable":true,"href":"https:\/\/compagniebzk.com\/index.php?rest_route=%2Fwp%2Fv2%2Fcomments&post=23"}],"version-history":[{"count":13,"href":"https:\/\/compagniebzk.com\/index.php?rest_route=\/wp\/v2\/pages\/23\/revisions"}],"predecessor-version":[{"id":862,"href":"https:\/\/compagniebzk.com\/index.php?rest_route=\/wp\/v2\/pages\/23\/revisions\/862"}],"up":[{"embeddable":true,"href":"https:\/\/compagniebzk.com\/index.php?rest_route=\/wp\/v2\/pages\/18"}],"wp:featuredmedia":[{"embeddable":true,"href":"https:\/\/compagniebzk.com\/index.php?rest_route=\/wp\/v2\/media\/403"}],"wp:attachment":[{"href":"https:\/\/compagniebzk.com\/index.php?rest_route=%2Fwp%2Fv2%2Fmedia&parent=23"}],"curies":[{"name":"wp","href":"https:\/\/api.w.org\/{rel}","templated":true}]}}