   {"id":218,"date":"2012-11-19T19:27:26","date_gmt":"2012-11-19T18:27:26","guid":{"rendered":"http:\/\/127.0.0.1\/compagnieBZK\/?page_id=218"},"modified":"2019-01-29T16:04:29","modified_gmt":"2019-01-29T15:04:29","slug":"description","status":"publish","type":"page","link":"https:\/\/compagniebzk.com\/?page_id=218","title":{"rendered":"Description"},"content":{"rendered":"<div class=\"dividedContent clearfix\">\n<div class=\"halfLeft\">\n<ul>\n<li>Spectacle musical acoustique d\u00e9ambulatoire ou fixe, int\u00e9rieur\/ext\u00e9rieur, lumineux en nocturne<\/li>\n<li>1h30 maximum fractionnable en 2 ou 3 passages<\/li>\n<li>R\u00e9pertoire original (percurbain \u00e9lectrogalactique)<\/li>\n<\/ul>\n<p><strong>Formule d\u00e9clinable :<\/strong><\/p>\n<ul>\n<li>6 musiciens percussionnistes<\/li>\n<li>possibilit\u00e9 d\u2019ajouter 2 \u00e9chassiers pneumatiques et leurs montures galactiques<\/li>\n<\/ul>\n<p><em>Spectacle d\u00e9pos\u00e9 \u00e0 la S.A.C.D.<\/em><\/p>\n<\/div>\n<div class=\"imgRight\"><!--\n\n\n<p class=\"new\" style=\"font-size: 24px; width: 130px;\">Cr\u00e9ation 2013<\/p>\n\n\n--><br \/>\n<img decoding=\"async\" loading=\"lazy\" class=\"alignnone size-full wp-image-340\" title=\"intermutants2\" src=\"\/wp-content\/uploads\/2012\/10\/intermutants2.jpg\" alt=\"\" width=\"270\" height=\"183\" \/><\/div>\n<\/div>\n","protected":false},"excerpt":{"rendered":"<p>Spectacle musical acoustique d\u00e9ambulatoire ou fixe, int\u00e9rieur\/ext\u00e9rieur, lumineux en nocturne 1h30 maximum fractionnable en 2 ou 3 passages R\u00e9pertoire original (percurbain \u00e9lectrogalactique) Formule d\u00e9clinable : 6 musiciens percussionnistes possibilit\u00e9 d\u2019ajouter 2 \u00e9chassiers pneumatiques et leurs montures galactiques Spectacle d\u00e9pos\u00e9 \u00e0 la S.A.C.D.<\/p>\n","protected":false},"author":1,"featured_media":0,"parent":23,"menu_order":0,"comment_status":"open","ping_status":"open","template":"t_spectacle-contenu.php","meta":{"ngg_post_thumbnail":0},"_links":{"self":[{"href":"https:\/\/compagniebzk.com\/index.php?rest_route=\/wp\/v2\/pages\/218"}],"collection":[{"href":"https:\/\/compagniebzk.com\/index.php?rest_route=\/wp\/v2\/pages"}],"about":[{"href":"https:\/\/compagniebzk.com\/index.php?rest_route=\/wp\/v2\/types\/page"}],"author":[{"embeddable":true,"href":"https:\/\/compagniebzk.com\/index.php?rest_route=\/wp\/v2\/users\/1"}],"replies":[{"embeddable":true,"href":"https:\/\/compagniebzk.com\/index.php?rest_route=%2Fwp%2Fv2%2Fcomments&post=218"}],"version-history":[{"count":12,"href":"https:\/\/compagniebzk.com\/index.php?rest_route=\/wp\/v2\/pages\/218\/revisions"}],"predecessor-version":[{"id":980,"href":"https:\/\/compagniebzk.com\/index.php?rest_route=\/wp\/v2\/pages\/218\/revisions\/980"}],"up":[{"embeddable":true,"href":"https:\/\/compagniebzk.com\/index.php?rest_route=\/wp\/v2\/pages\/23"}],"wp:attachment":[{"href":"https:\/\/compagniebzk.com\/index.php?rest_route=%2Fwp%2Fv2%2Fmedia&parent=218"}],"curies":[{"name":"wp","href":"https:\/\/api.w.org\/{rel}","templated":true}]}}