   {"id":21,"date":"2012-10-27T12:40:10","date_gmt":"2012-10-27T11:40:10","guid":{"rendered":"http:\/\/127.0.0.1\/compagnieBZK\/?page_id=21"},"modified":"2017-09-25T09:33:36","modified_gmt":"2017-09-25T08:33:36","slug":"bazartouka","status":"publish","type":"page","link":"https:\/\/compagniebzk.com\/?page_id=21","title":{"rendered":"La Bazartouka"},"content":{"rendered":"<div class=\"dividedContent clearfix\">\n<div class=\"halfLeft\">\n<h2>La plus allum\u00e9e des Batucadas !<\/h2>\n<p>Un tourbillon multicolore, des super-h\u00e9ros blagueurs : <strong>La\u00a0Bazartouka<\/strong>, parade aux allures de tornade festive, traverse la ville en dansant comme un arc-en-ciel rythmique. Ces personnages fantastiques portent avec ga\u00eet\u00e9 les couleurs de la tol\u00e9rance et du m\u00e9tissage aux quatre coins du monde.<\/p>\n<\/div>\n<div class=\"imgRight\"><img decoding=\"async\" loading=\"lazy\" title=\"bazartouka2\" src=\"\/wp-content\/uploads\/2012\/10\/bazartouka21.jpg\" alt=\"\" width=\"270\" height=\"217\" \/><\/div>\n<\/div>\n","protected":false},"excerpt":{"rendered":"<p>La plus allum\u00e9e des Batucadas ! Un tourbillon multicolore, des super-h\u00e9ros blagueurs : La\u00a0Bazartouka, parade aux allures de tornade festive, traverse la ville en dansant comme un arc-en-ciel rythmique. Ces personnages fantastiques portent avec ga\u00eet\u00e9 les couleurs de la tol\u00e9rance et du m\u00e9tissage aux quatre coins du monde.<\/p>\n","protected":false},"author":1,"featured_media":402,"parent":18,"menu_order":0,"comment_status":"open","ping_status":"closed","template":"t_spectacle.php","meta":{"ngg_post_thumbnail":0},"_links":{"self":[{"href":"https:\/\/compagniebzk.com\/index.php?rest_route=\/wp\/v2\/pages\/21"}],"collection":[{"href":"https:\/\/compagniebzk.com\/index.php?rest_route=\/wp\/v2\/pages"}],"about":[{"href":"https:\/\/compagniebzk.com\/index.php?rest_route=\/wp\/v2\/types\/page"}],"author":[{"embeddable":true,"href":"https:\/\/compagniebzk.com\/index.php?rest_route=\/wp\/v2\/users\/1"}],"replies":[{"embeddable":true,"href":"https:\/\/compagniebzk.com\/index.php?rest_route=%2Fwp%2Fv2%2Fcomments&post=21"}],"version-history":[{"count":6,"href":"https:\/\/compagniebzk.com\/index.php?rest_route=\/wp\/v2\/pages\/21\/revisions"}],"predecessor-version":[{"id":860,"href":"https:\/\/compagniebzk.com\/index.php?rest_route=\/wp\/v2\/pages\/21\/revisions\/860"}],"up":[{"embeddable":true,"href":"https:\/\/compagniebzk.com\/index.php?rest_route=\/wp\/v2\/pages\/18"}],"wp:featuredmedia":[{"embeddable":true,"href":"https:\/\/compagniebzk.com\/index.php?rest_route=\/wp\/v2\/media\/402"}],"wp:attachment":[{"href":"https:\/\/compagniebzk.com\/index.php?rest_route=%2Fwp%2Fv2%2Fmedia&parent=21"}],"curies":[{"name":"wp","href":"https:\/\/api.w.org\/{rel}","templated":true}]}}