   {"id":16,"date":"2012-10-27T12:35:56","date_gmt":"2012-10-27T11:35:56","guid":{"rendered":"http:\/\/127.0.0.1\/compagnieBZK\/?page_id=16"},"modified":"2017-05-18T15:02:57","modified_gmt":"2017-05-18T14:02:57","slug":"la-compagnie-bzk","status":"publish","type":"page","link":"https:\/\/compagniebzk.com\/?page_id=16","title":{"rendered":"La compagnie"},"content":{"rendered":"<div class=\"dividedContent clearfix\">\n<div class=\"halfLeft\">\n<p>Bas\u00e9e en Seine St-Denis, la <strong>compagnie BZK<\/strong> est n\u00e9e en 2000 de la rencontre de 7 percussionnistes d&rsquo;influences diverses, tous habit\u00e9s par un d\u00e9sir musical fort : faire fusionner leur connaissance des musiques traditionnelles (Afrique mandingue, Br\u00e9sil, Cuba, Maghreb&#8230;) avec leur propre culture urbaine (hip hop, funk, drum and bass, \u00e9lectro\u2026), et jouer dans la rue, pour la rue.<\/p>\n<h2>Leur devise : enrichissons-nous de nos diff\u00e9rences mutuelles !<\/h2>\n<\/div>\n<div class=\"imgRight\"><img decoding=\"async\" loading=\"lazy\" class=\"alignright size-full wp-image-168\" title=\"7percussionistes\" alt=\"le rencontre de 7 percussionnistes\" src=\"\/wp-content\/uploads\/2012\/10\/7percussionistes.jpg\" width=\"270\" height=\"217\" \/><\/div>\n<\/div>\n<div class=\"dividedContent clearfix\">\n<div class=\"imgLeft\"><img decoding=\"async\" loading=\"lazy\" class=\"alignright size-full wp-image-169\" title=\"devise\" alt=\"\" src=\"\/wp-content\/uploads\/2012\/10\/devise.jpg\" width=\"270\" height=\"217\" \/><\/div>\n<div class=\"halfRight\">\n<p>C\u2019est port\u00e9e par cet esprit de partage que la <strong>compagnie Bzk<\/strong> participe en 2001 et 2002 \u00e0 des actions de coop\u00e9ration d\u00e9centralis\u00e9e en Tunisie, en y structurant des <strong>ateliers d\u2019\u00e9change de traditions musicales<\/strong>.<\/p>\n<p>La troupe se produit \u00e9galement dans les salles parisiennes (<em>Divan du Monde, Fl\u00e8che d\u2019Or, Guinguette Pirate\u2026<\/em>), les carnavals et les festivals de France.<\/p>\n<\/div>\n<\/div>\n<div class=\"dividedContent clearfix\">\n<div class=\"halfLeft\">\n<p>Symbole du m\u00e9tissage par son r\u00e9pertoire original, la <strong>compagnie Bzk<\/strong> cr\u00e9e en 2005 les costumes correspondant \u00e0 son esprit d\u2019ouverture : des personnages semblables par leur ligne mais diff\u00e9rents par leurs couleurs. D\u00e8s lors, le spectacle Bazartouka traverse le monde et s\u2019enrichit encore en 2007 gr\u00e2ce \u00e0 la rencontre de la compagnie Melba et de ses danseuses g\u00e9antes.<\/p>\n<\/div>\n<div class=\"imgRight\"><img decoding=\"async\" loading=\"lazy\" class=\"alignright size-full wp-image-170\" title=\"labazartouka\" alt=\"\" src=\"\/wp-content\/uploads\/2012\/10\/labazartouka.jpg\" width=\"270\" height=\"217\" \/><\/div>\n<\/div>\n<div class=\"dividedContent fiche clearfix\">\n<div class=\"halfLeft\">\n<p>Puis la <strong>compagnie Bzk<\/strong> d\u00e9veloppe d&rsquo;autres cr\u00e9ations\u00a0:<\/p>\n<ul>\n<li>Avec<strong> les Intermutants<\/strong>, voyageurs galactiques arm\u00e9s de tambours lumineux, Bzk poursuit sa collaboration avec Melba et ses chim\u00e8res bondissantes.<\/li>\n<li>Enfin, Bzk s\u2019associe \u00e0 Remue-M\u00e9nage en cr\u00e9ant avec <strong>Parade Nomade<\/strong> l\u2019univers musical \u00e9lectro-ethnique d\u2019une tribu de bergers d\u2019un autre monde, et avec <strong>Abysses<\/strong> l&rsquo;op\u00e9ra aquatique de ses cr\u00e9atures sous-marines.<\/li>\n<\/ul>\n<p>Et BZK r\u00eave encore. D\u2019autres projets mijotent\u2026 mais chut !<\/p>\n<\/div>\n<div class=\"halfRight\">\n<p>Les musiciens :<\/p>\n<ul>\n<li><strong>Kalo<\/strong> (Karim Akliouche)<\/li>\n<li><strong>Polo<\/strong> (Paul Bouclier)<\/li>\n<li><strong>Bald\u00e9<\/strong> (Julien Cordin)<\/li>\n<li><strong>Mestr\u00e9 Clod<\/strong> (Claude Cuzon)<\/li>\n<li><strong>Nawer<\/strong> (Erwan Loeffel)<\/li>\n<li><strong>Dadao<\/strong> (Daredjane Meliava)<\/li>\n<li><strong>Tieneo<\/strong> (Etienne Raguenel)<\/li>\n<li><strong>Fabulous<\/strong> (Fabien Rosset)<\/li>\n<li><strong>Nilsm<\/strong> (Nils Wekstein)<\/li>\n<li><strong>Nico<\/strong> (Nicolas Arnault)<\/li>\n<\/ul>\n<\/div>\n<\/div>\n<p><img decoding=\"async\" loading=\"lazy\" class=\"alignright size-full wp-image-172\" title=\"quisommesnous\" alt=\"\" src=\"\/wp-content\/uploads\/2012\/10\/quisommesnous.jpg\" width=\"610\" height=\"217\" \/><\/p>\n","protected":false},"excerpt":{"rendered":"<p>Bas\u00e9e en Seine St-Denis, la compagnie BZK est n\u00e9e en 2000 de la rencontre de 7 percussionnistes d&rsquo;influences diverses, tous habit\u00e9s par un d\u00e9sir musical fort : faire fusionner leur connaissance des musiques traditionnelles (Afrique mandingue, Br\u00e9sil, Cuba, Maghreb&#8230;) avec leur propre culture urbaine (hip hop, funk, drum and bass, \u00e9lectro\u2026), et jouer dans la [&hellip;]<\/p>\n","protected":false},"author":1,"featured_media":0,"parent":0,"menu_order":1,"comment_status":"open","ping_status":"open","template":"t_compagnie.php","meta":{"ngg_post_thumbnail":0},"_links":{"self":[{"href":"https:\/\/compagniebzk.com\/index.php?rest_route=\/wp\/v2\/pages\/16"}],"collection":[{"href":"https:\/\/compagniebzk.com\/index.php?rest_route=\/wp\/v2\/pages"}],"about":[{"href":"https:\/\/compagniebzk.com\/index.php?rest_route=\/wp\/v2\/types\/page"}],"author":[{"embeddable":true,"href":"https:\/\/compagniebzk.com\/index.php?rest_route=\/wp\/v2\/users\/1"}],"replies":[{"embeddable":true,"href":"https:\/\/compagniebzk.com\/index.php?rest_route=%2Fwp%2Fv2%2Fcomments&post=16"}],"version-history":[{"count":18,"href":"https:\/\/compagniebzk.com\/index.php?rest_route=\/wp\/v2\/pages\/16\/revisions"}],"predecessor-version":[{"id":753,"href":"https:\/\/compagniebzk.com\/index.php?rest_route=\/wp\/v2\/pages\/16\/revisions\/753"}],"wp:attachment":[{"href":"https:\/\/compagniebzk.com\/index.php?rest_route=%2Fwp%2Fv2%2Fmedia&parent=16"}],"curies":[{"name":"wp","href":"https:\/\/api.w.org\/{rel}","templated":true}]}}