   {"id":106,"date":"2012-11-12T17:05:40","date_gmt":"2012-11-12T16:05:40","guid":{"rendered":"http:\/\/127.0.0.1\/compagnieBZK\/?page_id=106"},"modified":"2019-01-29T16:03:46","modified_gmt":"2019-01-29T15:03:46","slug":"fiche-technique","status":"publish","type":"page","link":"https:\/\/compagniebzk.com\/?page_id=106","title":{"rendered":"Description"},"content":{"rendered":"<div class=\"dividedContent clearfix\">\n<div class=\"halfLeft\">\n<ul>\n<li>Spectacle musical acoustique d\u00e9ambulatoire ou fixe, int\u00e9rieur\/ext\u00e9rieur, lumineux en nocturne<\/li>\n<li>1h30 maximum modulable en 2 ou 3 sets<\/li>\n<li>r\u00e9pertoire original (fusion afro-br\u00e9silien urbain)<\/li>\n<\/ul>\n<p><strong>Formule d\u00e9clinable :<\/strong><\/p>\n<ul>\n<li>6 musiciens percussionnistes<\/li>\n<li>possibilit\u00e9 d\u2019ajouter de 2 \u00e0 9 danseuses sur \u00e9chasses et\/ou 1 artificier de proximit\u00e9<\/li>\n<\/ul>\n<p><em>Spectacle d\u00e9pos\u00e9 \u00e0 la S.A.C.D<\/em><\/p>\n<\/div>\n<div class=\"imgRight\"><img decoding=\"async\" loading=\"lazy\" class=\"alignright size-full wp-image-187\" title=\"bazartouka2\" src=\"\/wp-content\/uploads\/2012\/11\/bazartouka2.jpg\" alt=\"\" width=\"270\" height=\"217\" \/><\/div>\n<\/div>\n","protected":false},"excerpt":{"rendered":"<p>Spectacle musical acoustique d\u00e9ambulatoire ou fixe, int\u00e9rieur\/ext\u00e9rieur, lumineux en nocturne 1h30 maximum modulable en 2 ou 3 sets r\u00e9pertoire original (fusion afro-br\u00e9silien urbain) Formule d\u00e9clinable : 6 musiciens percussionnistes possibilit\u00e9 d\u2019ajouter de 2 \u00e0 9 danseuses sur \u00e9chasses et\/ou 1 artificier de proximit\u00e9 Spectacle d\u00e9pos\u00e9 \u00e0 la S.A.C.D<\/p>\n","protected":false},"author":1,"featured_media":0,"parent":21,"menu_order":0,"comment_status":"open","ping_status":"open","template":"t_spectacle-contenu.php","meta":{"ngg_post_thumbnail":0},"_links":{"self":[{"href":"https:\/\/compagniebzk.com\/index.php?rest_route=\/wp\/v2\/pages\/106"}],"collection":[{"href":"https:\/\/compagniebzk.com\/index.php?rest_route=\/wp\/v2\/pages"}],"about":[{"href":"https:\/\/compagniebzk.com\/index.php?rest_route=\/wp\/v2\/types\/page"}],"author":[{"embeddable":true,"href":"https:\/\/compagniebzk.com\/index.php?rest_route=\/wp\/v2\/users\/1"}],"replies":[{"embeddable":true,"href":"https:\/\/compagniebzk.com\/index.php?rest_route=%2Fwp%2Fv2%2Fcomments&post=106"}],"version-history":[{"count":14,"href":"https:\/\/compagniebzk.com\/index.php?rest_route=\/wp\/v2\/pages\/106\/revisions"}],"predecessor-version":[{"id":979,"href":"https:\/\/compagniebzk.com\/index.php?rest_route=\/wp\/v2\/pages\/106\/revisions\/979"}],"up":[{"embeddable":true,"href":"https:\/\/compagniebzk.com\/index.php?rest_route=\/wp\/v2\/pages\/21"}],"wp:attachment":[{"href":"https:\/\/compagniebzk.com\/index.php?rest_route=%2Fwp%2Fv2%2Fmedia&parent=106"}],"curies":[{"name":"wp","href":"https:\/\/api.w.org\/{rel}","templated":true}]}}